{"id":207,"date":"2023-03-06T11:49:37","date_gmt":"2023-03-06T10:49:37","guid":{"rendered":"https:\/\/booking.neo7.de\/?page_id=207"},"modified":"2024-06-03T16:54:54","modified_gmt":"2024-06-03T14:54:54","slug":"locations","status":"publish","type":"page","link":"https:\/\/vacation-property-hunters.com\/en\/","title":{"rendered":"Welcome to"},"content":{"rendered":"<div class=\"wp-block-columns is-layout-flex wp-container-core-columns-is-layout-1 wp-block-columns-is-layout-flex\">\n<div class=\"wp-block-column is-layout-flow wp-block-column-is-layout-flow\">\n<p>Wir sind Ihr Spezialist f\u00fcr individuell eingerichtete, hochwertige Apartments in Berlin und auf Mallorca. Als Gastgeber mit vielen Jahren Erfahrung wissen wir genau, wie wichtig es ist, sich in einem Apartment wie zu Hause zu f\u00fchlen.<\/p>\n\n\n\n<p>Our apartments are stylishly furnished and offer you the perfect place to relax in a central location and get in the holiday spirit. Whether you are traveling for business or want to spend a relaxing holiday, our apartments offer you a \"home away from home\" experience.<\/p>\n\n\n\n<p>Unsere Serviced Apartments sind mit allem ausgestattet, was Sie f\u00fcr Ihren Aufenthalt ben\u00f6tigen &#8211; von der voll ausgestatteten K\u00fcche bis hin zu modernen Annehmlichkeiten, wie Highspeed WLAN und Flachbildfernseher. Genie\u00dfen Sie das Gef\u00fchl, in einem echten Zuhause zu sein, w\u00e4hrend Sie die Sehensw\u00fcrdigkeiten und Kl\u00e4nge der Stadt oder der Insel erleben. <\/p>\n<\/div>\n\n\n\n<div class=\"wp-block-column is-layout-flow wp-block-column-is-layout-flow\">\n<p>We believe that hotels have had their day. So choose one of our apartments for short-term rental, long-term rental or a relaxing holiday.<\/p>\n\n\n\n<p>You are in good hands with us. Contact us today to book your stay and prepare for a trip to remember. We look forward to welcoming you!<\/p>\n<\/div>\n<\/div>\n\n\n\n<div class=\"wp-block-query locationloop is-layout-flow wp-block-query-is-layout-flow\"><ul class=\"columns-3 wp-block-post-template is-layout-grid wp-container-core-post-template-is-layout-1 wp-block-post-template-is-layout-grid\"><li class=\"wp-block-post post-14 post type-post status-publish format-standard has-post-thumbnail hentry category-berlin category-location category-prenzlauer-berg tag-berlin tag-prenzlauer-berg\">\n<figure class=\"alignwide wp-block-post-featured-image\"><a href=\"https:\/\/vacation-property-hunters.com\/en\/berlin-city-house-prenzlauer-berg-berlin\/\" target=\"_self\"  ><img loading=\"lazy\" decoding=\"async\" width=\"2400\" height=\"1600\" src=\"https:\/\/vacation-property-hunters.com\/wp-content\/uploads\/berlin-city-house.jpg\" class=\"attachment-post-thumbnail size-post-thumbnail wp-post-image\" alt=\"Berlin City House\" style=\"object-fit:cover;\" srcset=\"https:\/\/vacation-property-hunters.com\/wp-content\/uploads\/berlin-city-house.jpg 2400w, https:\/\/vacation-property-hunters.com\/wp-content\/uploads\/berlin-city-house-300x200.jpg 300w, https:\/\/vacation-property-hunters.com\/wp-content\/uploads\/berlin-city-house-1024x683.jpg 1024w, https:\/\/vacation-property-hunters.com\/wp-content\/uploads\/berlin-city-house-768x512.jpg 768w, https:\/\/vacation-property-hunters.com\/wp-content\/uploads\/berlin-city-house-1536x1024.jpg 1536w, https:\/\/vacation-property-hunters.com\/wp-content\/uploads\/berlin-city-house-2048x1365.jpg 2048w\" sizes=\"(max-width: 2400px) 100vw, 2400px\" \/><\/a><\/figure>\n\n<h3 class=\"wp-block-post-title\"><a href=\"https:\/\/vacation-property-hunters.com\/en\/berlin-city-house-prenzlauer-berg-berlin\/\" target=\"_self\" >Berlin City House<\/a><\/h3>\n\n<div class=\"taxonomy-post_tag wp-block-post-terms has-medium-font-size\"><a href=\"https:\/\/vacation-property-hunters.com\/en\/tag\/berlin\/\" rel=\"tag\">Berlin<\/a><span class=\"wp-block-post-terms__separator\">, <\/span><a href=\"https:\/\/vacation-property-hunters.com\/en\/tag\/prenzlauer-berg\/\" rel=\"tag\">Prenzlauer Berg<\/a><\/div>\n\n<div class=\"objectlist wp-block-post-excerpt\"><p class=\"wp-block-post-excerpt__excerpt\">Prenzlauer Berg\/Berlin The Unique Tiny House Our small coach house, built in 1911, is located in the heart of Berlin - the unique district \"Prenzlauer Berg\", the\u2026<\/p><p class=\"wp-block-post-excerpt__more-text\"><a class=\"wp-block-post-excerpt__more-link\" href=\"https:\/\/vacation-property-hunters.com\/en\/berlin-city-house-prenzlauer-berg-berlin\/\">Read more<\/a><\/p><\/div>\n<\/li><li class=\"wp-block-post post-11 post type-post status-publish format-standard has-post-thumbnail hentry category-berlin category-friedrichshain category-location tag-berlin tag-friedrichshain\">\n<figure class=\"alignwide wp-block-post-featured-image\"><a href=\"https:\/\/vacation-property-hunters.com\/en\/the-luxury-urban-friedrichshain-berlin\/\" target=\"_self\"  ><img loading=\"lazy\" decoding=\"async\" width=\"1417\" height=\"945\" src=\"https:\/\/vacation-property-hunters.com\/wp-content\/uploads\/the-luxury-urban-04.jpg\" class=\"attachment-post-thumbnail size-post-thumbnail wp-post-image\" alt=\"The Luxury Urban\" style=\"object-fit:cover;\" srcset=\"https:\/\/vacation-property-hunters.com\/wp-content\/uploads\/the-luxury-urban-04.jpg 1417w, https:\/\/vacation-property-hunters.com\/wp-content\/uploads\/the-luxury-urban-04-300x200.jpg 300w, https:\/\/vacation-property-hunters.com\/wp-content\/uploads\/the-luxury-urban-04-1024x683.jpg 1024w, https:\/\/vacation-property-hunters.com\/wp-content\/uploads\/the-luxury-urban-04-768x512.jpg 768w\" sizes=\"(max-width: 1417px) 100vw, 1417px\" \/><\/a><\/figure>\n\n<h3 class=\"wp-block-post-title\"><a href=\"https:\/\/vacation-property-hunters.com\/en\/the-luxury-urban-friedrichshain-berlin\/\" target=\"_self\" >The Luxury Urban<\/a><\/h3>\n\n<div class=\"taxonomy-post_tag wp-block-post-terms has-medium-font-size\"><a href=\"https:\/\/vacation-property-hunters.com\/en\/tag\/berlin\/\" rel=\"tag\">Berlin<\/a><span class=\"wp-block-post-terms__separator\">, <\/span><a href=\"https:\/\/vacation-property-hunters.com\/en\/tag\/friedrichshain\/\" rel=\"tag\">Friedrichshain<\/a><\/div>\n\n<div class=\"objectlist wp-block-post-excerpt\"><p class=\"wp-block-post-excerpt__excerpt\">High End Living in Friedrichshain Are you looking for a nice place to stay in the heart of Berlin? The 50sqm apartment is located in Friedrichshain \u2013 one of the most exciting\u2026<\/p><p class=\"wp-block-post-excerpt__more-text\"><a class=\"wp-block-post-excerpt__more-link\" href=\"https:\/\/vacation-property-hunters.com\/en\/the-luxury-urban-friedrichshain-berlin\/\">Read more<\/a><\/p><\/div>\n<\/li><li class=\"wp-block-post post-105 post type-post status-publish format-standard has-post-thumbnail hentry category-location category-mallorca category-pollenca tag-mallorca tag-pollenca\">\n<figure class=\"alignwide wp-block-post-featured-image\"><a href=\"https:\/\/vacation-property-hunters.com\/en\/can-colom-pollenca-mallorca\/\" target=\"_self\"  ><img loading=\"lazy\" decoding=\"async\" width=\"1440\" height=\"959\" src=\"https:\/\/vacation-property-hunters.com\/wp-content\/uploads\/can-colom-02.jpg\" class=\"attachment-post-thumbnail size-post-thumbnail wp-post-image\" alt=\"Can Colom\" style=\"object-fit:cover;\" srcset=\"https:\/\/vacation-property-hunters.com\/wp-content\/uploads\/can-colom-02.jpg 1440w, https:\/\/vacation-property-hunters.com\/wp-content\/uploads\/can-colom-02-300x200.jpg 300w, https:\/\/vacation-property-hunters.com\/wp-content\/uploads\/can-colom-02-1024x682.jpg 1024w, https:\/\/vacation-property-hunters.com\/wp-content\/uploads\/can-colom-02-768x511.jpg 768w\" sizes=\"(max-width: 1440px) 100vw, 1440px\" \/><\/a><\/figure>\n\n<h3 class=\"wp-block-post-title\"><a href=\"https:\/\/vacation-property-hunters.com\/en\/can-colom-pollenca-mallorca\/\" target=\"_self\" >Can Colom<\/a><\/h3>\n\n<div class=\"taxonomy-post_tag wp-block-post-terms has-medium-font-size\"><a href=\"https:\/\/vacation-property-hunters.com\/en\/tag\/mallorca\/\" rel=\"tag\">Mallorca<\/a><span class=\"wp-block-post-terms__separator\">, <\/span><a href=\"https:\/\/vacation-property-hunters.com\/en\/tag\/pollenca\/\" rel=\"tag\">Pollen\u00e7a<\/a><\/div>\n\n<div class=\"objectlist wp-block-post-excerpt\"><p class=\"wp-block-post-excerpt__excerpt\">Designer finca with gym and 3 pools Can Colom is a \"boutique style\" villa with two adjoining guest houses that offers our guests the opportunity to relax while\u2026<\/p><p class=\"wp-block-post-excerpt__more-text\"><a class=\"wp-block-post-excerpt__more-link\" href=\"https:\/\/vacation-property-hunters.com\/en\/can-colom-pollenca-mallorca\/\">Read more<\/a><\/p><\/div>\n<\/li><li class=\"wp-block-post post-307 post type-post status-publish format-standard has-post-thumbnail hentry category-berlin category-location category-steglitz tag-berlin tag-steglitz\">\n<figure class=\"alignwide wp-block-post-featured-image\"><a href=\"https:\/\/vacation-property-hunters.com\/en\/park-side-apartment\/\" target=\"_self\"  ><img loading=\"lazy\" decoding=\"async\" width=\"1181\" height=\"787\" src=\"https:\/\/vacation-property-hunters.com\/wp-content\/uploads\/Park-Side-Apartment-09.jpg\" class=\"attachment-post-thumbnail size-post-thumbnail wp-post-image\" alt=\"Park Side Apartment\" style=\"object-fit:cover;\" srcset=\"https:\/\/vacation-property-hunters.com\/wp-content\/uploads\/Park-Side-Apartment-09.jpg 1181w, https:\/\/vacation-property-hunters.com\/wp-content\/uploads\/Park-Side-Apartment-09-300x200.jpg 300w, https:\/\/vacation-property-hunters.com\/wp-content\/uploads\/Park-Side-Apartment-09-1024x682.jpg 1024w, https:\/\/vacation-property-hunters.com\/wp-content\/uploads\/Park-Side-Apartment-09-768x512.jpg 768w, https:\/\/vacation-property-hunters.com\/wp-content\/uploads\/Park-Side-Apartment-09-18x12.jpg 18w\" sizes=\"(max-width: 1181px) 100vw, 1181px\" \/><\/a><\/figure>\n\n<h3 class=\"wp-block-post-title\"><a href=\"https:\/\/vacation-property-hunters.com\/en\/park-side-apartment\/\" target=\"_self\" >Park Side Apartment<\/a><\/h3>\n\n<div class=\"taxonomy-post_tag wp-block-post-terms has-medium-font-size\"><a href=\"https:\/\/vacation-property-hunters.com\/en\/tag\/berlin\/\" rel=\"tag\">Berlin<\/a><span class=\"wp-block-post-terms__separator\">, <\/span><a href=\"https:\/\/vacation-property-hunters.com\/en\/tag\/steglitz\/\" rel=\"tag\">Steglitz<\/a><\/div>\n\n<div class=\"objectlist wp-block-post-excerpt\"><p class=\"wp-block-post-excerpt__excerpt\">The Green Side of Berlin Welcome to the Park Side Apartment in Berlin Steglitz \u2013 the green district in Berlin. The apartment is 6 minutes\u2026<\/p><p class=\"wp-block-post-excerpt__more-text\"><a class=\"wp-block-post-excerpt__more-link\" href=\"https:\/\/vacation-property-hunters.com\/en\/park-side-apartment\/\">Read more<\/a><\/p><\/div>\n<\/li><li class=\"wp-block-post post-310 post type-post status-publish format-standard has-post-thumbnail hentry category-berlin category-charlottenburg category-location tag-berlin tag-charlottenburg\">\n<figure class=\"alignwide wp-block-post-featured-image\"><a href=\"https:\/\/vacation-property-hunters.com\/en\/central-west\/\" target=\"_self\"  ><img loading=\"lazy\" decoding=\"async\" width=\"2052\" height=\"1366\" src=\"https:\/\/vacation-property-hunters.com\/wp-content\/uploads\/IMG_7566.jpg\" class=\"attachment-post-thumbnail size-post-thumbnail wp-post-image\" alt=\"Central West\" style=\"object-fit:cover;\" srcset=\"https:\/\/vacation-property-hunters.com\/wp-content\/uploads\/IMG_7566.jpg 2052w, https:\/\/vacation-property-hunters.com\/wp-content\/uploads\/IMG_7566-300x200.jpg 300w, https:\/\/vacation-property-hunters.com\/wp-content\/uploads\/IMG_7566-1024x682.jpg 1024w, https:\/\/vacation-property-hunters.com\/wp-content\/uploads\/IMG_7566-768x511.jpg 768w, https:\/\/vacation-property-hunters.com\/wp-content\/uploads\/IMG_7566-1536x1023.jpg 1536w, https:\/\/vacation-property-hunters.com\/wp-content\/uploads\/IMG_7566-2048x1363.jpg 2048w, https:\/\/vacation-property-hunters.com\/wp-content\/uploads\/IMG_7566-18x12.jpg 18w\" sizes=\"(max-width: 2052px) 100vw, 2052px\" \/><\/a><\/figure>\n\n<h3 class=\"wp-block-post-title\"><a href=\"https:\/\/vacation-property-hunters.com\/en\/central-west\/\" target=\"_self\" >Central West<\/a><\/h3>\n\n<div class=\"taxonomy-post_tag wp-block-post-terms has-medium-font-size\"><a href=\"https:\/\/vacation-property-hunters.com\/en\/tag\/berlin\/\" rel=\"tag\">Berlin<\/a><span class=\"wp-block-post-terms__separator\">, <\/span><a href=\"https:\/\/vacation-property-hunters.com\/en\/tag\/charlottenburg\/\" rel=\"tag\">Charlottenburg<\/a><\/div>\n\n<div class=\"objectlist wp-block-post-excerpt\"><p class=\"wp-block-post-excerpt__excerpt\">Classic Design Jewel The Central West Apartment is located in the heart of West Berlin. Only 5 minutes from the famous Kurf\u00fcrstendamm and only 6 minutes from the green Tiergarten. Surround\u2026<\/p><p class=\"wp-block-post-excerpt__more-text\"><a class=\"wp-block-post-excerpt__more-link\" href=\"https:\/\/vacation-property-hunters.com\/en\/central-west\/\">Read more<\/a><\/p><\/div>\n<\/li><li class=\"wp-block-post post-663 post type-post status-publish format-standard has-post-thumbnail hentry category-dubai category-location category-soon-available category-uae tag-dubai tag-uae\">\n<figure class=\"alignwide wp-block-post-featured-image\"><a href=\"https:\/\/vacation-property-hunters.com\/en\/expo-mangroves-residence\/\" target=\"_self\"  ><img loading=\"lazy\" decoding=\"async\" width=\"1617\" height=\"1080\" src=\"https:\/\/vacation-property-hunters.com\/wp-content\/uploads\/Expo-Mangroves-Residence-e1688554234530.jpg\" class=\"attachment-post-thumbnail size-post-thumbnail wp-post-image\" alt=\"Expo Mangroves Residence\" style=\"object-fit:cover;\" srcset=\"https:\/\/vacation-property-hunters.com\/wp-content\/uploads\/Expo-Mangroves-Residence-e1688554234530.jpg 1617w, https:\/\/vacation-property-hunters.com\/wp-content\/uploads\/Expo-Mangroves-Residence-e1688554234530-300x200.jpg 300w, https:\/\/vacation-property-hunters.com\/wp-content\/uploads\/Expo-Mangroves-Residence-e1688554234530-1024x684.jpg 1024w, https:\/\/vacation-property-hunters.com\/wp-content\/uploads\/Expo-Mangroves-Residence-e1688554234530-768x513.jpg 768w, https:\/\/vacation-property-hunters.com\/wp-content\/uploads\/Expo-Mangroves-Residence-e1688554234530-1536x1026.jpg 1536w, https:\/\/vacation-property-hunters.com\/wp-content\/uploads\/Expo-Mangroves-Residence-e1688554234530-18x12.jpg 18w\" sizes=\"(max-width: 1617px) 100vw, 1617px\" \/><\/a><\/figure>\n\n<h3 class=\"wp-block-post-title\"><a href=\"https:\/\/vacation-property-hunters.com\/en\/expo-mangroves-residence\/\" target=\"_self\" >Expo Mangroves Residence<\/a><\/h3>\n\n<div class=\"taxonomy-post_tag wp-block-post-terms has-medium-font-size\"><a href=\"https:\/\/vacation-property-hunters.com\/en\/tag\/dubai\/\" rel=\"tag\">Dubai<\/a><span class=\"wp-block-post-terms__separator\">, <\/span><a href=\"https:\/\/vacation-property-hunters.com\/en\/tag\/uae\/\" rel=\"tag\">UAE<\/a><\/div>\n\n<div class=\"objectlist wp-block-post-excerpt\"><p class=\"wp-block-post-excerpt__excerpt\">Dubai\/UAE Expo Residences &#8211; ein Traum aus 1001 Nacht. Die exklusiven voll ausgestatteten 1- und 2-Schlafzimmer Wohnungen sind luxuri\u00f6s und elegant ausgestattet. Das gesamte Expo&hellip;<\/p><p class=\"wp-block-post-excerpt__more-text\"><a class=\"wp-block-post-excerpt__more-link\" href=\"https:\/\/vacation-property-hunters.com\/en\/expo-mangroves-residence\/\">Read more<\/a><\/p><\/div>\n<\/li><\/ul><\/div>","protected":false},"excerpt":{"rendered":"<p>Wir sind Ihr Spezialist f\u00fcr individuell eingerichtete, hochwertige Apartments in Berlin und auf Mallorca. Als Gastgeber mit vielen Jahren Erfahrung wissen wir genau, wie wichtig&hellip;<\/p>","protected":false},"author":1,"featured_media":0,"parent":0,"menu_order":1,"comment_status":"closed","ping_status":"closed","template":"","meta":{"ngg_post_thumbnail":0,"footnotes":""},"_links":{"self":[{"href":"https:\/\/vacation-property-hunters.com\/en\/wp-json\/wp\/v2\/pages\/207"}],"collection":[{"href":"https:\/\/vacation-property-hunters.com\/en\/wp-json\/wp\/v2\/pages"}],"about":[{"href":"https:\/\/vacation-property-hunters.com\/en\/wp-json\/wp\/v2\/types\/page"}],"author":[{"embeddable":true,"href":"https:\/\/vacation-property-hunters.com\/en\/wp-json\/wp\/v2\/users\/1"}],"replies":[{"embeddable":true,"href":"https:\/\/vacation-property-hunters.com\/en\/wp-json\/wp\/v2\/comments?post=207"}],"version-history":[{"count":10,"href":"https:\/\/vacation-property-hunters.com\/en\/wp-json\/wp\/v2\/pages\/207\/revisions"}],"predecessor-version":[{"id":694,"href":"https:\/\/vacation-property-hunters.com\/en\/wp-json\/wp\/v2\/pages\/207\/revisions\/694"}],"wp:attachment":[{"href":"https:\/\/vacation-property-hunters.com\/en\/wp-json\/wp\/v2\/media?parent=207"}],"curies":[{"name":"wp","href":"https:\/\/api.w.org\/{rel}","templated":true}]}}