{"id":240,"date":"2023-03-06T12:46:36","date_gmt":"2023-03-06T11:46:36","guid":{"rendered":"https:\/\/booking.neo7.de\/?page_id=240"},"modified":"2023-06-26T02:31:33","modified_gmt":"2023-06-26T00:31:33","slug":"legal-notice","status":"publish","type":"page","link":"https:\/\/vacation-property-hunters.com\/en\/legal-notice\/","title":{"rendered":"Legal notice"},"content":{"rendered":"<p>Julius-Carl von Zitzewitz<br>Teltower Damm 40<br>14167 Berlin<\/p>\n\n\n\n<p>Email: <a href=\"mailto:info@vacation-property-hunters.de\">info@vacation-property-hunters.de<\/a><br>Tel.: +49 30 887 193 79<\/p>\n\n\n\n<h3 class=\"wp-block-heading\">Disclaimer<\/h3>\n\n\n\n<p>Despite careful content control, we assume no liability for the content of external links. The operators of the linked pages are solely responsible for their content.<\/p>\n\n\n\n<h3 class=\"wp-block-heading\">Copyrights<\/h3>\n\n\n\n<p>All contents of this website, in particular texts, images and other files and their arrangement, are subject to copyright protection and other protective laws. Any duplication, distribution and other use is not permitted without written permission.<\/p>\n\n\n\n<h3 class=\"wp-block-heading\">Alternative dispute resolution according to Art. 14 Para. 1 ODR-VO and \u00a7 36 VSBG:<\/h3>\n\n\n\n<p class=\" translation-block\">The European Commission provides a platform for online dispute resolution (OS), which you can find at <a rel=\"noreferrer noopener\" href=\"https:\/\/ec.europa.eu\/consumers\/odr\" target=\"_blank\">https :\/\/ec.europa.eu\/consumers\/odr<\/a>. We are neither obliged nor willing to participate in a dispute settlement procedure before a consumer arbitration board.<\/p>","protected":false},"excerpt":{"rendered":"<p>Julius-Carl von ZitzewitzTeltower Damm 4014167 Berlin Email: info@vacation-property-hunters.deTel.: +49 30 887 193 79 Haftungshinweis Trotz sorgf\u00e4ltiger inhaltlicher Kontrolle \u00fcbernehmen wir keine Haftung f\u00fcr die Inhalte&hellip;<\/p>","protected":false},"author":1,"featured_media":0,"parent":0,"menu_order":10,"comment_status":"closed","ping_status":"closed","template":"","meta":{"ngg_post_thumbnail":0,"footnotes":""},"_links":{"self":[{"href":"https:\/\/vacation-property-hunters.com\/en\/wp-json\/wp\/v2\/pages\/240"}],"collection":[{"href":"https:\/\/vacation-property-hunters.com\/en\/wp-json\/wp\/v2\/pages"}],"about":[{"href":"https:\/\/vacation-property-hunters.com\/en\/wp-json\/wp\/v2\/types\/page"}],"author":[{"embeddable":true,"href":"https:\/\/vacation-property-hunters.com\/en\/wp-json\/wp\/v2\/users\/1"}],"replies":[{"embeddable":true,"href":"https:\/\/vacation-property-hunters.com\/en\/wp-json\/wp\/v2\/comments?post=240"}],"version-history":[{"count":7,"href":"https:\/\/vacation-property-hunters.com\/en\/wp-json\/wp\/v2\/pages\/240\/revisions"}],"predecessor-version":[{"id":660,"href":"https:\/\/vacation-property-hunters.com\/en\/wp-json\/wp\/v2\/pages\/240\/revisions\/660"}],"wp:attachment":[{"href":"https:\/\/vacation-property-hunters.com\/en\/wp-json\/wp\/v2\/media?parent=240"}],"curies":[{"name":"wp","href":"https:\/\/api.w.org\/{rel}","templated":true}]}}